{"id":146,"date":"2014-06-20T23:57:51","date_gmt":"2014-06-20T21:57:51","guid":{"rendered":"http:\/\/schnapsstube.it\/wordpress\/koter-beschreibung-2\/"},"modified":"2019-03-04T12:24:47","modified_gmt":"2019-03-04T10:24:47","slug":"koter-detail","status":"publish","type":"page","link":"https:\/\/schnapsstube.it\/schnapsstube\/koter-detail\/","title":{"rendered":"Johannisbeerlik\u00f6r 18% vol."},"content":{"rendered":"<h1 style=\"text-align: center;\"><span style=\"font-family: courier new,courier,monospace;\">(Koter)<\/span><\/h1>\n<p style=\"text-align: center;\"><img loading=\"lazy\" class=\"alignnone size-medium wp-image-305\" src=\"http:\/\/schnapsstube.it\/schnapsstube\/wp-content\/uploads\/2014\/06\/Koter_Seite-600x410.jpg\" alt=\"Koter_Seite\" width=\"600\" height=\"410\" srcset=\"https:\/\/schnapsstube.it\/schnapsstube\/wp-content\/uploads\/2014\/06\/Koter_Seite-600x410.jpg 600w, https:\/\/schnapsstube.it\/schnapsstube\/wp-content\/uploads\/2014\/06\/Koter_Seite-768x525.jpg 768w, https:\/\/schnapsstube.it\/schnapsstube\/wp-content\/uploads\/2014\/06\/Koter_Seite-1024x700.jpg 1024w, https:\/\/schnapsstube.it\/schnapsstube\/wp-content\/uploads\/2014\/06\/Koter_Seite.jpg 1170w\" sizes=\"(max-width: 600px) 100vw, 600px\" \/><\/p>\n<p style=\"text-align: center;\">Schwarze Johannisbeeren haben einen eigent\u00fcmlichen, intensiven, leicht s\u00e4uerlichen Geschmack. Der Geschmack wird s\u00fc\u00dfer, wenn die Beeren voll ausgereift sind.<\/p>\n<p style=\"text-align: center;\">\n<hr \/>\n<p style=\"text-align: center;\"><span style=\"font-size: 26px;\">In folgenden Mengen erh\u00e4ltlich:<\/span><\/p>\n<hr \/>\n<p style=\"text-align: center;\">Flasche<span style=\"font-size: 24px;\">\u00a0<strong>1,0l<\/strong><\/span><\/p>\n<hr \/>\n<p style=\"text-align: center;\">Flasche\u00a0<span style=\"font-size: 24px;\"><strong>0,2l<\/strong><\/span><\/p>\n<hr \/>\n<p style=\"text-align: center;\">Packung mit 25 St\u00fcck zu 20ml\u00a0<span style=\"font-size: 24px;\"><strong>0,5l<\/strong><\/span><\/p>\n<hr \/>\n<p style=\"text-align: center;\">\n<p style=\"text-align: center;\">","protected":false},"excerpt":{"rendered":"<p>(Koter) Schwarze Johannisbeeren haben einen eigent\u00fcmlichen, intensiven, leicht s\u00e4uerlichen Geschmack. Der Geschmack wird s\u00fc\u00dfer, wenn die Beeren voll ausgereift sind. In folgenden Mengen erh\u00e4ltlich: Flasche\u00a01,0l Flasche\u00a00,2l Packung mit 25 St\u00fcck zu 20ml\u00a00,5l<\/p>\n","protected":false},"author":3,"featured_media":0,"parent":0,"menu_order":0,"comment_status":"closed","ping_status":"closed","template":"fullwidth.php","meta":[],"_links":{"self":[{"href":"https:\/\/schnapsstube.it\/schnapsstube\/wp-json\/wp\/v2\/pages\/146"}],"collection":[{"href":"https:\/\/schnapsstube.it\/schnapsstube\/wp-json\/wp\/v2\/pages"}],"about":[{"href":"https:\/\/schnapsstube.it\/schnapsstube\/wp-json\/wp\/v2\/types\/page"}],"author":[{"embeddable":true,"href":"https:\/\/schnapsstube.it\/schnapsstube\/wp-json\/wp\/v2\/users\/3"}],"replies":[{"embeddable":true,"href":"https:\/\/schnapsstube.it\/schnapsstube\/wp-json\/wp\/v2\/comments?post=146"}],"version-history":[{"count":15,"href":"https:\/\/schnapsstube.it\/schnapsstube\/wp-json\/wp\/v2\/pages\/146\/revisions"}],"predecessor-version":[{"id":518,"href":"https:\/\/schnapsstube.it\/schnapsstube\/wp-json\/wp\/v2\/pages\/146\/revisions\/518"}],"wp:attachment":[{"href":"https:\/\/schnapsstube.it\/schnapsstube\/wp-json\/wp\/v2\/media?parent=146"}],"curies":[{"name":"wp","href":"https:\/\/api.w.org\/{rel}","templated":true}]}}