{"id":2,"date":"2014-05-21T17:24:54","date_gmt":"2014-05-21T17:24:54","guid":{"rendered":"http:\/\/schnapsstube.it\/wordpress\/?page_id=2"},"modified":"2024-11-18T16:00:16","modified_gmt":"2024-11-18T14:00:16","slug":"beispiel-seite","status":"publish","type":"page","link":"https:\/\/schnapsstube.it\/schnapsstube\/","title":{"rendered":"Grie\u00dft enk &#8211; kemmp inner in die gute Stube"},"content":{"rendered":"<p>&#8212;&#8212;&#8212;&#8212;&#8212;&#8212;&#8212;&#8212;&#8212;&#8212;&#8212;&#8212;&#8212;&#8212;&#8212;&#8212;&#8212;&#8212;&#8212;&#8212;&#8212;&#8212;&#8212;-<br \/>\n<span style=\"font-size: 45px; color: #ff00ff;\">News &#8211; News\u00a0<\/span><br \/>\n<span style=\"font-size: 45px; color: #000000;\">Ab sofort bei uns erh\u00e4ltlich<\/span><\/p>\n<p><a href=\"https:\/\/schnapsstube.it\/schnapsstube\/skiwasser-mit-schuss\/\"><span style=\"font-size: 45px; color: #000000;\">Gschpusi Skiwasser mit Schuss 4%<\/span><\/a><\/p>\n<p><span style=\"font-size: 45px; color: #000000;\">Vodka Ivanov Black 16% &amp; Withe 37,5%<\/span><\/p>\n<p><span style=\"font-size: 45px; color: #000000;\">Energiedrink, Becher and more&#8230;.<\/span><\/p>\n<p><span style=\"font-size: 45px; color: #ff00ff;\">News &#8211; News<\/span><br \/>\n&#8212;&#8212;&#8212;&#8212;&#8212;&#8212;&#8212;&#8212;&#8212;&#8212;&#8212;&#8212;&#8212;&#8212;&#8212;&#8212;&#8212;&#8212;&#8212;&#8212;&#8212;&#8212;&#8212;-<\/p>\n<p><span style=\"font-size: 16px;\">Die Firma Schnapsstube er\u00f6ffnete am 24. Mai 2014 ihre Tore, mit dem Ziel, neue und einzigartige Geschmacksrichtungen und Kreationen von Lik\u00f6ren zu produzieren. Durch die Vielzahl von Rohstoffen, die unser sch\u00f6nes Land S\u00fcdtirol zu bieten hat, verwenden wir nur einheimische Fr\u00fcchte zur Herstellung der Lik\u00f6re. Ob als Partyschnaps auf Festen in Pub\u2019s oder Diskotheken, oder einfach zum Genie\u00dfen nach einem sch\u00f6nen Essen, dazu laden unsere Lik\u00f6re ein. Seit November 2024 vertreiben wir auch Vodka, Energiedrink, Becher und importieren das Skiwasser mit Schuss von Gschpusi. Weitere Getr\u00e4nke erhaltet Ihr bei uns auf Anfrage.\u00a0<\/span><\/p>","protected":false},"excerpt":{"rendered":"<p>&#8212;&#8212;&#8212;&#8212;&#8212;&#8212;&#8212;&#8212;&#8212;&#8212;&#8212;&#8212;&#8212;&#8212;&#8212;&#8212;&#8212;&#8212;&#8212;&#8212;&#8212;&#8212;&#8212;- News &#8211; News\u00a0 Ab sofort bei uns erh\u00e4ltlich Gschpusi Skiwasser mit Schuss 4% Vodka Ivanov Black 16% &amp; Withe 37,5% Energiedrink, Becher and more&#8230;. News &#8211; News &#8212;&#8212;&#8212;&#8212;&#8212;&#8212;&#8212;&#8212;&#8212;&#8212;&#8212;&#8212;&#8212;&#8212;&#8212;&#8212;&#8212;&#8212;&#8212;&#8212;&#8212;&#8212;&#8212;- Die Firma Schnapsstube er\u00f6ffnete am 24. &hellip; <a href=\"https:\/\/schnapsstube.it\/schnapsstube\/\">Weiterlesen<\/a><\/p>\n","protected":false},"author":1,"featured_media":0,"parent":0,"menu_order":0,"comment_status":"open","ping_status":"open","template":"portfolio.php","meta":[],"_links":{"self":[{"href":"https:\/\/schnapsstube.it\/schnapsstube\/wp-json\/wp\/v2\/pages\/2"}],"collection":[{"href":"https:\/\/schnapsstube.it\/schnapsstube\/wp-json\/wp\/v2\/pages"}],"about":[{"href":"https:\/\/schnapsstube.it\/schnapsstube\/wp-json\/wp\/v2\/types\/page"}],"author":[{"embeddable":true,"href":"https:\/\/schnapsstube.it\/schnapsstube\/wp-json\/wp\/v2\/users\/1"}],"replies":[{"embeddable":true,"href":"https:\/\/schnapsstube.it\/schnapsstube\/wp-json\/wp\/v2\/comments?post=2"}],"version-history":[{"count":43,"href":"https:\/\/schnapsstube.it\/schnapsstube\/wp-json\/wp\/v2\/pages\/2\/revisions"}],"predecessor-version":[{"id":854,"href":"https:\/\/schnapsstube.it\/schnapsstube\/wp-json\/wp\/v2\/pages\/2\/revisions\/854"}],"wp:attachment":[{"href":"https:\/\/schnapsstube.it\/schnapsstube\/wp-json\/wp\/v2\/media?parent=2"}],"curies":[{"name":"wp","href":"https:\/\/api.w.org\/{rel}","templated":true}]}}