{"id":347,"date":"2017-02-01T13:18:32","date_gmt":"2017-02-01T11:18:32","guid":{"rendered":"http:\/\/schnapsstube.it\/schnapsstube\/glaan-detail-copy\/"},"modified":"2023-02-27T15:56:19","modified_gmt":"2023-02-27T13:56:19","slug":"mix-detail","status":"publish","type":"page","link":"https:\/\/schnapsstube.it\/schnapsstube\/mix-detail\/","title":{"rendered":"Mix &#8211; Box"},"content":{"rendered":"<h1 style=\"text-align: center;\"><\/h1>\n<p style=\"text-align: center;\">\n<p style=\"text-align: center;\">In der Mix &#8211; Box haben wir 5 verschiedene Sorten vereint.<\/p>\n<p style=\"text-align: center;\">Von<\/p>\n<p style=\"text-align: center;\">&#8222;s\u00fc\u00df&#8220; bis &#8222;sauer&#8220; und &#8222;erfrischend&#8220;<\/p>\n<p style=\"text-align: center;\">ist alles vorhanden.<\/p>\n<p style=\"text-align: center;\">\n<hr \/>\n<p style=\"text-align: center;\"><span style=\"font-size: 26px;\">In folgenden Mengen erh\u00e4ltlich:<\/span><\/p>\n<hr \/>\n<p style=\"text-align: center;\">Packung mit 25 St\u00fcck zu 20ml\u00a0<span style=\"font-size: 24px;\"><strong>0,5l<\/strong><\/span><\/p>\n<hr \/>\n<p style=\"text-align: center;\">\n<p style=\"text-align: center;\">","protected":false},"excerpt":{"rendered":"<p>In der Mix &#8211; Box haben wir 5 verschiedene Sorten vereint. Von &#8222;s\u00fc\u00df&#8220; bis &#8222;sauer&#8220; und &#8222;erfrischend&#8220; ist alles vorhanden. In folgenden Mengen erh\u00e4ltlich: Packung mit 25 St\u00fcck zu 20ml\u00a00,5l<\/p>\n","protected":false},"author":3,"featured_media":0,"parent":0,"menu_order":0,"comment_status":"closed","ping_status":"closed","template":"fullwidth.php","meta":[],"_links":{"self":[{"href":"https:\/\/schnapsstube.it\/schnapsstube\/wp-json\/wp\/v2\/pages\/347"}],"collection":[{"href":"https:\/\/schnapsstube.it\/schnapsstube\/wp-json\/wp\/v2\/pages"}],"about":[{"href":"https:\/\/schnapsstube.it\/schnapsstube\/wp-json\/wp\/v2\/types\/page"}],"author":[{"embeddable":true,"href":"https:\/\/schnapsstube.it\/schnapsstube\/wp-json\/wp\/v2\/users\/3"}],"replies":[{"embeddable":true,"href":"https:\/\/schnapsstube.it\/schnapsstube\/wp-json\/wp\/v2\/comments?post=347"}],"version-history":[{"count":9,"href":"https:\/\/schnapsstube.it\/schnapsstube\/wp-json\/wp\/v2\/pages\/347\/revisions"}],"predecessor-version":[{"id":826,"href":"https:\/\/schnapsstube.it\/schnapsstube\/wp-json\/wp\/v2\/pages\/347\/revisions\/826"}],"wp:attachment":[{"href":"https:\/\/schnapsstube.it\/schnapsstube\/wp-json\/wp\/v2\/media?parent=347"}],"curies":[{"name":"wp","href":"https:\/\/api.w.org\/{rel}","templated":true}]}}