{"id":39,"date":"2014-06-19T23:53:22","date_gmt":"2014-06-19T21:53:22","guid":{"rendered":"http:\/\/schnapsstube.it\/wordpress\/?page_id=39"},"modified":"2023-02-27T15:44:40","modified_gmt":"2023-02-27T13:44:40","slug":"produkte","status":"publish","type":"page","link":"https:\/\/schnapsstube.it\/schnapsstube\/produkte\/","title":{"rendered":"Produkte"},"content":{"rendered":"<p>In unserem Sortiment haben wir&nbsp;verschiedene Geschmacksrichtungen, jeder f\u00fcr sich einzigartig. Im Sommer aber auch im Winter werden unsere Lik\u00f6re, in Form von Aperitif, pur oder gemixt als Longdrink, gerne getrunken; f\u00fcr jeden Geschmack etwas dabei.<\/p>","protected":false},"excerpt":{"rendered":"<p>In unserem Sortiment haben wir&nbsp;verschiedene Geschmacksrichtungen, jeder f\u00fcr sich einzigartig. Im Sommer aber auch im Winter werden unsere Lik\u00f6re, in Form von Aperitif, pur oder gemixt als Longdrink, gerne getrunken; f\u00fcr jeden Geschmack etwas dabei.<\/p>\n","protected":false},"author":2,"featured_media":0,"parent":0,"menu_order":1,"comment_status":"closed","ping_status":"closed","template":"portfolio-produkte.php","meta":[],"_links":{"self":[{"href":"https:\/\/schnapsstube.it\/schnapsstube\/wp-json\/wp\/v2\/pages\/39"}],"collection":[{"href":"https:\/\/schnapsstube.it\/schnapsstube\/wp-json\/wp\/v2\/pages"}],"about":[{"href":"https:\/\/schnapsstube.it\/schnapsstube\/wp-json\/wp\/v2\/types\/page"}],"author":[{"embeddable":true,"href":"https:\/\/schnapsstube.it\/schnapsstube\/wp-json\/wp\/v2\/users\/2"}],"replies":[{"embeddable":true,"href":"https:\/\/schnapsstube.it\/schnapsstube\/wp-json\/wp\/v2\/comments?post=39"}],"version-history":[{"count":9,"href":"https:\/\/schnapsstube.it\/schnapsstube\/wp-json\/wp\/v2\/pages\/39\/revisions"}],"predecessor-version":[{"id":833,"href":"https:\/\/schnapsstube.it\/schnapsstube\/wp-json\/wp\/v2\/pages\/39\/revisions\/833"}],"wp:attachment":[{"href":"https:\/\/schnapsstube.it\/schnapsstube\/wp-json\/wp\/v2\/media?parent=39"}],"curies":[{"name":"wp","href":"https:\/\/api.w.org\/{rel}","templated":true}]}}