{"id":552,"date":"2020-04-11T21:30:33","date_gmt":"2020-04-11T19:30:33","guid":{"rendered":"https:\/\/schnapsstube.it\/schnapsstube\/shop\/"},"modified":"2021-03-29T22:04:03","modified_gmt":"2021-03-29T20:04:03","slug":"shop","status":"publish","type":"page","link":"https:\/\/schnapsstube.it\/schnapsstube\/shop\/","title":{"rendered":"SHOP"},"content":{"rendered":"<p class=\"has-text-align-left\">In unserem Online-Shop kannst du bequem und einfach alle unsere Produkte bestellen. <br><strong>Unsere Produkte sind nicht nur ,,Lik\u00f6re&#8220;, damit kannst du auch ein schmackhaftes Aperitif kreieren, ausgezeichnete Cocktails mixen oder sogar dem Dessert ,,das Gewisse&#8220; etwas geben. <\/strong><br>Wir haben f\u00fcr euch etwas zusammengestellt. Hier geht\u2019s zu unseren <a href=\"https:\/\/schnapsstube.it\/schnapsstube\/unsere-karte\/\" target=\"_blank\" rel=\"noreferrer noopener\">Vorschl\u00e4gen<\/a>. <br>Du m\u00f6chtest Jemanden \u00fcberraschen dann versende eine Packung in ganz S\u00fcdtirol. Auch mit <a rel=\"noreferrer noopener\" href=\"https:\/\/schnapsstube.it\/schnapsstube\/produkt\/packung-mit-personalisiertem-etikett\/\" target=\"_blank\">personalisierten Etiketten<\/a> erh\u00e4ltlich. <br>Ben\u00f6tigst du die Bestellung dringend einfach unter +39 340 073 9065 anrufen oder sende eine <a href=\"mailto:info@schnapsstube.it?subject=Information OnlineShop\">E-Mail <\/a><\/p>\n\n\n\n<p class=\"has-text-align-center\"><strong>Ab 90,00\u20ac Versandkostenfrei <\/strong><\/p>","protected":false},"excerpt":{"rendered":"<p>In unserem Online-Shop kannst du bequem und einfach alle unsere Produkte bestellen. Unsere Produkte sind nicht nur ,,Lik\u00f6re&#8220;, damit kannst du auch ein schmackhaftes Aperitif kreieren, ausgezeichnete Cocktails mixen oder sogar dem Dessert ,,das Gewisse&#8220; &hellip; <a href=\"https:\/\/schnapsstube.it\/schnapsstube\/shop\/\">Weiterlesen<\/a><\/p>\n","protected":false},"author":3,"featured_media":0,"parent":0,"menu_order":0,"comment_status":"closed","ping_status":"closed","template":"","meta":[],"_links":{"self":[{"href":"https:\/\/schnapsstube.it\/schnapsstube\/wp-json\/wp\/v2\/pages\/552"}],"collection":[{"href":"https:\/\/schnapsstube.it\/schnapsstube\/wp-json\/wp\/v2\/pages"}],"about":[{"href":"https:\/\/schnapsstube.it\/schnapsstube\/wp-json\/wp\/v2\/types\/page"}],"author":[{"embeddable":true,"href":"https:\/\/schnapsstube.it\/schnapsstube\/wp-json\/wp\/v2\/users\/3"}],"replies":[{"embeddable":true,"href":"https:\/\/schnapsstube.it\/schnapsstube\/wp-json\/wp\/v2\/comments?post=552"}],"version-history":[{"count":35,"href":"https:\/\/schnapsstube.it\/schnapsstube\/wp-json\/wp\/v2\/pages\/552\/revisions"}],"predecessor-version":[{"id":806,"href":"https:\/\/schnapsstube.it\/schnapsstube\/wp-json\/wp\/v2\/pages\/552\/revisions\/806"}],"wp:attachment":[{"href":"https:\/\/schnapsstube.it\/schnapsstube\/wp-json\/wp\/v2\/media?parent=552"}],"curies":[{"name":"wp","href":"https:\/\/api.w.org\/{rel}","templated":true}]}}