{"id":606,"date":"2020-04-18T21:39:08","date_gmt":"2020-04-18T19:39:08","guid":{"rendered":"https:\/\/schnapsstube.it\/schnapsstube\/?page_id=606"},"modified":"2020-04-22T11:34:19","modified_gmt":"2020-04-22T09:34:19","slug":"allgemeine-geschaeftsbedingungen","status":"publish","type":"page","link":"https:\/\/schnapsstube.it\/schnapsstube\/allgemeine-geschaeftsbedingungen\/","title":{"rendered":"Allgemeine Gesch\u00e4ftsbedingungen"},"content":{"rendered":"<p><strong>1. Geltungsbereich<\/strong><br>Der Vertragspartner nimmt mit seiner Bestellung zur Kenntnis, dass der gegenst\u00e4ndliche Gesch\u00e4ftsabschluss auf der Grundlage unserer zum Zeitpunkt der Bestellung g\u00fcltigen Allgemeinen Gesch\u00e4ftsbedingungen erfolgt. Hiervon abweichende Bestimmungen gelten nur nach vorheriger schriftlicher Vereinbarung.<\/p>\n\n\n\n<p><strong>2. Vertragsabschluss<br><\/strong>Die Bestellung des Kunden ist ein bindendes Angebot auf Abschluss eines Kaufvertrages \u00fcber die bestellte Ware. Die Durchf\u00fchrung dieser Bestellung bewirkt die Kenntnis und ausdr\u00fcckliche Annahme von Seiten des Kunden der gesamten gegenst\u00e4ndlichen AGB. Der Kaufvertrag kommt zustande, wenn der Verk\u00e4ufer innerhalb von 14 Tagen entweder die bestellte Ware oder eine Auftragsbest\u00e4tigung versendet; die blo\u00dfe Best\u00e4tigung eines Auftragseingangs bewirkt keinen Vertragsschluss. Wird vom Verk\u00e4ufer innerhalb dieser 14t\u00e4gigen Frist weder die Ware versendet noch eine Auftragsbest\u00e4tigung \u00fcbermittelt, gilt das Kaufangebot als nicht angenommen. Die fehlende Annahme des Kaufangebotes begr\u00fcndet f\u00fcr den Kunden keinerlei Anspr\u00fcche oder Rechte.<\/p>\n\n\n\n<p><strong>3. Stornierung der Bestellung<\/strong><br>Der Kunde kann seine Online-Bestellung innerhalb von 24 Stunden stornieren, indem er an die Schnapsstube KG eine E-mail (info@schnapsstube.it). Wir best\u00e4tigen daraufhin die Stornierung des Auftrages.<\/p>\n\n\n\n<p><strong>4. Datenschutz &#8211; Privacy<\/strong><br>Ihre Daten werden im Sinne gem\u00e4\u00df der europ\u00e4ischen Datenschutzgrundverordnung (DSGVO) verarbeitet. Zust\u00e4ndig f\u00fcr die Behandlung der Daten ist die Firma Schnapsstube KG des Ilmer Peter &amp; Co, Gewerbezone Lahne 9, 39010 St. Martin in Passeier. Die vollst\u00e4ndige Aufkl\u00e4rung, sowie die Rechte des Betroffenen k\u00f6nnen Sie hier einsehen:&nbsp;<a rel=\"noreferrer noopener\" href=\"https:\/\/schnapsstube.it\/schnapsstube\/datenschutz\/\" target=\"_blank\">Privacy<\/a><br><\/p>\n\n\n\n<p><strong>5. Preise<br><\/strong>Unsere Preise enthalten die in Italien g\u00fcltige Mehrwertsteuer und verstehen sich zuz\u00fcglich Versandkosten. Der zum Zeitpunkt der Bestellung aktuelle Preis ist verbindlich. Schnapsstube KG beh\u00e4lt sich das Recht vor, die Preise ohne vorhergehende Ank\u00fcndigung zu \u00e4ndern. Im Falle einer nach Vertragsabschluss wirksam werdenden \u00c4nderung des Mehrwertsteuersatzes kommt bei der Rechnungslegung der neu bestimmte Steuersatz zum Tragen.<\/p>\n\n\n\n<p><strong>6. Versandkosten<\/strong><br>F\u00fcr jeden Versand innerhalb Italiens werden&nbsp;Transportkosten berechnet. Aufgrund geltender Zollbestimmungen in der EU k\u00f6nnen Spirituosen leider nicht an Verbraucher im Ausland versandt werden.<\/p>\n\n\n\n<p><strong>7. Lieferung<br><\/strong>Die Lieferung erfolgt im Auftrag des Verk\u00e4ufers mittels privatem Zustelldienst oder Post an die vom K\u00e4ufer bei der Bestellung angegebene Adresse. Der K\u00e4ufer tr\u00e4gt allf\u00e4llige Kosten, die aus unrichtigen, unvollst\u00e4ndigen oder unklaren Angaben entstehen. Sind Lieferungen auf Grund eines ihm vom K\u00e4ufer nicht bekannt gegebenen Adresswechsels unzustellbar, tr\u00e4gt der K\u00e4ufer ggf. die Kosten der Erhebung seiner neuen Adresse. Die Lieferung ist bei Empfang auf Vollst\u00e4ndigkeit und Besch\u00e4digung hin zu pr\u00fcfen, Sch\u00e4den und Fehlmeldungen sind unbedingt dem Transporteur bei Lieferung auf dem Frachtbrief zu vermerken, nachtr\u00e4gliche Reklamationen k\u00f6nnen nicht mehr akzeptiert werden. Verbindliche Liefertermine sind ausdr\u00fccklich ausgeschlossen<\/p>\n\n\n\n<p><strong>8. Zahlung<br><\/strong>Die Zahlung erfolgt ausschlie\u00dflich mit PAYPAL (Kreditkarte) oder Vorauskasse. Erst nach Zahlungseingang erfolgt der Versand der bestellten Ware.<br>Unsere Bankverbindung: Raiffeisenkasse Passeier<br>IBAN: IT19 H 08998 58810 000300224375<\/p>\n\n\n\n<p><strong>9. Jugendschutz<\/strong><br>Wir weisen ausdr\u00fccklich darauf hin, dass wir unsere alkoholischen Produkte nicht an Minderj\u00e4hrige versenden. Durch die Akzeptierung unserer AGB&#8217;s best\u00e4tigen Sie uns, dass Sie das <strong>18. Lebensjahr<\/strong> vollendet haben und voll gesch\u00e4ftsf\u00e4hig sind.<\/p>\n\n\n\n<p><strong>10. R\u00fccksendungen von Waren<br><\/strong>Der K\u00e4ufer tr\u00e4gt Kosten und Risiko f\u00fcr R\u00fccksendungen. Falschlieferungen werden nur in unbesch\u00e4digter, unge\u00f6ffneter, nicht beschrifteter und nicht beklebter Originalverpackung zur\u00fcckgenommen.<\/p>\n\n\n\n<p><strong>11. Widerrufsbelehrung<\/strong><br>Gem\u00e4\u00df Art. 64 des Verbraucherschutzgesetzes (Lgs. D. Nr. 206\/2005) sind Verbraucher berechtigt, von den auf dem Weg des Fernabsatzes geschlossenen Kaufvertr\u00e4gen innerhalb einer Frist von 14 Tagen ab Erhalt der Ware zur\u00fcckzutreten. Der K\u00e4ufer kann die erhaltene Ware unge\u00f6ffnet und unbesch\u00e4digt ohne Angaben von Gr\u00fcnden auf eigene Kosten zur\u00fccksenden. Die Frist beginnt fr\u00fchestens mit Erhalt der Ware. Der Widerruf muss entweder schriftlich oder durch R\u00fccksendung der Ware erfolgen. Bei schriftlich erkl\u00e4rtem Widerruf gen\u00fcgt zur Fristwahrung die rechtzeitige Absendung des Widerrufs an die Schnapsstube KG. Nach Eingang der Ware wird der Kaufpreis zur\u00fcckerstattet. Personalisierte Produkte k\u00f6nnen nicht zur\u00fcckgegeben werden, Sie bekommen einen Entwurf zugesendet und geben uns dann die Druckfreigabe.<\/p>\n\n\n\n<p><strong>12. Gew\u00e4hrleistung<\/strong><br>Die Gew\u00e4hrleistung erfolgt nach den gesetzlichen Bestimmungen, wobei wir im Falle eines Mangels der Ware zun\u00e4chst nachliefern oder nachbessern. Schl\u00e4gt die Nachbesserung fehl oder ist die nachgelieferte Ware ebenfalls mangelhaft, so k\u00f6nnen Sie die Ware gegen R\u00fcckerstattung des vollen Kaufpreises zur\u00fcckgeben oder die Ware behalten und den Kaufpreis mindern. Sie m\u00fcssen uns jedoch insgesamt zwei Nachbesserungsversuche einr\u00e4umen. Ist die von Ihnen gew\u00fcnschte Art der Nacherf\u00fcllung nur mit unverh\u00e4ltnism\u00e4\u00dfigen Kosten m\u00f6glich, beschr\u00e4nkt sich Ihr Anspruch auf die andere Art der Nacherf\u00fcllung.<\/p>\n\n\n\n<p><strong>13. Gerichtstand<\/strong><br>F\u00fcr Klagen ist das Gericht in Bozen\/Italien zust\u00e4ndig.<\/p>\n\n\n\n<p><strong>14. Sonstiges<\/strong><br>Sollte eine Bestimmung dieser Allgemeinen Gesch\u00e4ftsbedingungen unwirksam werden, so bleibt der Vertrag im \u00dcbrigen wirksam. Anstelle der unwirksamen Bestimmung gelten die einschl\u00e4gigen gesetzlichen Vorschriften des italienischen Staates.<\/p>\n\n\n\n<p><\/p>","protected":false},"excerpt":{"rendered":"<p>1. GeltungsbereichDer Vertragspartner nimmt mit seiner Bestellung zur Kenntnis, dass der gegenst\u00e4ndliche Gesch\u00e4ftsabschluss auf der Grundlage unserer zum Zeitpunkt der Bestellung g\u00fcltigen Allgemeinen Gesch\u00e4ftsbedingungen erfolgt. Hiervon abweichende Bestimmungen gelten nur nach vorheriger schriftlicher Vereinbarung. 2. &hellip; <a href=\"https:\/\/schnapsstube.it\/schnapsstube\/allgemeine-geschaeftsbedingungen\/\">Weiterlesen<\/a><\/p>\n","protected":false},"author":3,"featured_media":0,"parent":0,"menu_order":0,"comment_status":"closed","ping_status":"closed","template":"","meta":[],"_links":{"self":[{"href":"https:\/\/schnapsstube.it\/schnapsstube\/wp-json\/wp\/v2\/pages\/606"}],"collection":[{"href":"https:\/\/schnapsstube.it\/schnapsstube\/wp-json\/wp\/v2\/pages"}],"about":[{"href":"https:\/\/schnapsstube.it\/schnapsstube\/wp-json\/wp\/v2\/types\/page"}],"author":[{"embeddable":true,"href":"https:\/\/schnapsstube.it\/schnapsstube\/wp-json\/wp\/v2\/users\/3"}],"replies":[{"embeddable":true,"href":"https:\/\/schnapsstube.it\/schnapsstube\/wp-json\/wp\/v2\/comments?post=606"}],"version-history":[{"count":2,"href":"https:\/\/schnapsstube.it\/schnapsstube\/wp-json\/wp\/v2\/pages\/606\/revisions"}],"predecessor-version":[{"id":608,"href":"https:\/\/schnapsstube.it\/schnapsstube\/wp-json\/wp\/v2\/pages\/606\/revisions\/608"}],"wp:attachment":[{"href":"https:\/\/schnapsstube.it\/schnapsstube\/wp-json\/wp\/v2\/media?parent=606"}],"curies":[{"name":"wp","href":"https:\/\/api.w.org\/{rel}","templated":true}]}}