{"id":76,"date":"2014-06-20T17:04:44","date_gmt":"2014-06-20T15:04:44","guid":{"rendered":"http:\/\/schnapsstube.it\/wordpress\/?page_id=76"},"modified":"2018-08-08T17:19:44","modified_gmt":"2018-08-08T15:19:44","slug":"kontakt3","status":"publish","type":"page","link":"https:\/\/schnapsstube.it\/schnapsstube\/kontakt3\/","title":{"rendered":"Kontakt"},"content":{"rendered":"<p><a title=\"\" href=\"http:\/\/schnapsstube.it\/schnapsstube\/wp-content\/uploads\/2014\/05\/peter1.jpg\" target=\"\" rel=\"\"><img loading=\"lazy\" class=\"size-full wp-image-100 alignleft\" title=\"\" src=\"http:\/\/schnapsstube.it\/schnapsstube\/wp-content\/uploads\/2014\/05\/peter1.jpg\" alt=\"peter\" width=\"300\" height=\"300\" srcset=\"https:\/\/schnapsstube.it\/schnapsstube\/wp-content\/uploads\/2014\/05\/peter1.jpg 300w, https:\/\/schnapsstube.it\/schnapsstube\/wp-content\/uploads\/2014\/05\/peter1-100x100.jpg 100w\" sizes=\"(max-width: 300px) 100vw, 300px\" \/><\/a><\/p>\n<p><span style=\"font-size: 24px;\">\u00dcber mich<\/span><\/p>\n<p>Ich selbst genie\u00dfe gerne Lik\u00f6re, aber auf der Suche nach etwas Neuem, bin ich nicht f\u00fcndig geworden. So habe ich mich entschlossen etwas Einzigartiges zu kreieren und andere daran teilhaben zu lassen. Mit neuen Geschmacksrichtungen und mit der Idee, jedem Lik\u00f6r einen eigenen\u00a0 Namen zu geben, war der Grundstein gelegt.<\/p>\n<p>&nbsp;<\/p>\n<p><span style=\"font-size: 22px;\">SchnapsStube KG des Ilmer Peter &amp; Co.<\/span><br \/>\nGewerbezone Lahne 9 &#8211; 39010 St. Martin in Passeieer<br \/>\nTel. +39 340 0739065<\/p>\n<p>MwSt. Nr. &#8211; Part. IVA \/ 02917210219<br \/>\n<a href=\"mailto:info@schnapsstube.it\">E-Mail<\/a><\/p>\n<hr \/>\n<div id=\"bcXSi0tHFp\" data-borlabs-cookie-blocked-content><div class=\"borlabs-cookie-bct bc-bct-iframe bc-bct-google-maps\"> <p class=\"bc-thumbnail\"><img src=\"https:\/\/schnapsstube.it\/schnapsstube\/wp-content\/plugins\/borlabs-cookie\/images\/bct-google-maps.png\" alt=\"Google Maps\"><\/p> <div class=\"bc-text\"> <p>To protect your personal data, your connection to Google Maps has been blocked.<br>Click on <strong>Load map<\/strong> to unblock Google Maps.<br>By loading the map you accept the privacy policy of Google.<br>More information about Google's privacy policy can be found here <a href=\"https:\/\/policies.google.com\/privacy?hl=en&amp;gl=en\" target=\"_blank\" rel=\"nofollow\">Google - Privacy &amp; Terms<\/a>.<\/p> <p><label><input type=\"checkbox\" name=\"unblockAll\" value=\"1\" checked> Do not block Google Maps in the future anymore.<\/label> <a role=\"button\" data-borlabs-cookie-unblock>Load map<\/a><\/p> <\/div> <\/div><\/div>\n<hr \/>\n<p>&nbsp;<\/p>","protected":false},"excerpt":{"rendered":"<p>\u00dcber mich Ich selbst genie\u00dfe gerne Lik\u00f6re, aber auf der Suche nach etwas Neuem, bin ich nicht f\u00fcndig geworden. So habe ich mich entschlossen etwas Einzigartiges zu kreieren und andere daran teilhaben zu lassen. Mit &hellip; <a href=\"https:\/\/schnapsstube.it\/schnapsstube\/kontakt3\/\">Weiterlesen<\/a><\/p>\n","protected":false},"author":1,"featured_media":0,"parent":0,"menu_order":6,"comment_status":"closed","ping_status":"closed","template":"fullwidth.php","meta":[],"_links":{"self":[{"href":"https:\/\/schnapsstube.it\/schnapsstube\/wp-json\/wp\/v2\/pages\/76"}],"collection":[{"href":"https:\/\/schnapsstube.it\/schnapsstube\/wp-json\/wp\/v2\/pages"}],"about":[{"href":"https:\/\/schnapsstube.it\/schnapsstube\/wp-json\/wp\/v2\/types\/page"}],"author":[{"embeddable":true,"href":"https:\/\/schnapsstube.it\/schnapsstube\/wp-json\/wp\/v2\/users\/1"}],"replies":[{"embeddable":true,"href":"https:\/\/schnapsstube.it\/schnapsstube\/wp-json\/wp\/v2\/comments?post=76"}],"version-history":[{"count":22,"href":"https:\/\/schnapsstube.it\/schnapsstube\/wp-json\/wp\/v2\/pages\/76\/revisions"}],"predecessor-version":[{"id":473,"href":"https:\/\/schnapsstube.it\/schnapsstube\/wp-json\/wp\/v2\/pages\/76\/revisions\/473"}],"wp:attachment":[{"href":"https:\/\/schnapsstube.it\/schnapsstube\/wp-json\/wp\/v2\/media?parent=76"}],"curies":[{"name":"wp","href":"https:\/\/api.w.org\/{rel}","templated":true}]}}