{"id":845,"date":"2024-11-18T13:10:06","date_gmt":"2024-11-18T11:10:06","guid":{"rendered":"https:\/\/schnapsstube.it\/schnapsstube\/?page_id=845"},"modified":"2024-11-18T16:30:11","modified_gmt":"2024-11-18T14:30:11","slug":"skiwasser-mit-schuss","status":"publish","type":"page","link":"https:\/\/schnapsstube.it\/schnapsstube\/skiwasser-mit-schuss\/","title":{"rendered":"Skiwasser mit Schuss"},"content":{"rendered":"<figure class=\"wp-block-image size-large is-resized\"><img loading=\"lazy\" src=\"https:\/\/schnapsstube.it\/schnapsstube\/wp-content\/uploads\/2024\/11\/Dose_Skiwasser_1022-788x1024.png\" alt=\"\" class=\"wp-image-842\" width=\"407\" height=\"529\" srcset=\"https:\/\/schnapsstube.it\/schnapsstube\/wp-content\/uploads\/2024\/11\/Dose_Skiwasser_1022-788x1024.png 788w, https:\/\/schnapsstube.it\/schnapsstube\/wp-content\/uploads\/2024\/11\/Dose_Skiwasser_1022-462x600.png 462w, https:\/\/schnapsstube.it\/schnapsstube\/wp-content\/uploads\/2024\/11\/Dose_Skiwasser_1022-768x998.png 768w, https:\/\/schnapsstube.it\/schnapsstube\/wp-content\/uploads\/2024\/11\/Dose_Skiwasser_1022-1182x1536.png 1182w, https:\/\/schnapsstube.it\/schnapsstube\/wp-content\/uploads\/2024\/11\/Dose_Skiwasser_1022-1575x2048.png 1575w, https:\/\/schnapsstube.it\/schnapsstube\/wp-content\/uploads\/2024\/11\/Dose_Skiwasser_1022-600x780.png 600w\" sizes=\"(max-width: 407px) 100vw, 407px\" \/><\/figure>\n\n\n\n<p><strong>Gschpusi &#8211; Trink\u00b4s mit Schuss<\/strong><\/p>\n\n\n\n<h2><strong>Skiwasser mit Schuss<\/strong><\/h2>\n\n\n\n<h3><strong>250ml Dose<br>4%&nbsp; Vol. Alkohol<\/strong><\/h3>\n\n\n\n<h3><strong>Abgef\u00fcllt und produziert<br>in \u00d6sterreich<\/strong><br><br>&nbsp;<\/h3>\n\n\n\n<p><strong>Skiwasser ist wohl&nbsp;das Kultgetr\u00e4nk aus dem Skiurlaub!<br>Egal ob mit oder ohne Schuss &#8211; jeder kennt es!<br><br>Aber wir wissen eines &#8211;&nbsp;&nbsp;am besten schmeckts halt doch &#8222;mit Schuss&#8220;!<br><br>Wer hier an ein reines Wintergetr\u00e4nk denkt, den k\u00f6nnen wir wohl \u00fcberraschen!&nbsp;Skiwasser mit Schuss&nbsp;passt nicht nur zum Skifahren, sondern auch an hei\u00dfen Tagen. Zwischendurch an der&nbsp;Schirmbar, beim feiern in der Gartenh\u00fctte, am chillig See &#8211; der Geschmack aus Himbeere und Zitrone kennt nun mal kein Saisonende.<\/strong><\/p>","protected":false},"excerpt":{"rendered":"<p>Gschpusi &#8211; Trink\u00b4s mit Schuss Skiwasser mit Schuss 250ml Dose4%&nbsp; Vol. Alkohol Abgef\u00fcllt und produziertin \u00d6sterreich &nbsp; Skiwasser ist wohl&nbsp;das Kultgetr\u00e4nk aus dem Skiurlaub!Egal ob mit oder ohne Schuss &#8211; jeder kennt es! Aber wir &hellip; <a href=\"https:\/\/schnapsstube.it\/schnapsstube\/skiwasser-mit-schuss\/\">Weiterlesen<\/a><\/p>\n","protected":false},"author":3,"featured_media":0,"parent":0,"menu_order":0,"comment_status":"closed","ping_status":"closed","template":"","meta":[],"_links":{"self":[{"href":"https:\/\/schnapsstube.it\/schnapsstube\/wp-json\/wp\/v2\/pages\/845"}],"collection":[{"href":"https:\/\/schnapsstube.it\/schnapsstube\/wp-json\/wp\/v2\/pages"}],"about":[{"href":"https:\/\/schnapsstube.it\/schnapsstube\/wp-json\/wp\/v2\/types\/page"}],"author":[{"embeddable":true,"href":"https:\/\/schnapsstube.it\/schnapsstube\/wp-json\/wp\/v2\/users\/3"}],"replies":[{"embeddable":true,"href":"https:\/\/schnapsstube.it\/schnapsstube\/wp-json\/wp\/v2\/comments?post=845"}],"version-history":[{"count":3,"href":"https:\/\/schnapsstube.it\/schnapsstube\/wp-json\/wp\/v2\/pages\/845\/revisions"}],"predecessor-version":[{"id":855,"href":"https:\/\/schnapsstube.it\/schnapsstube\/wp-json\/wp\/v2\/pages\/845\/revisions\/855"}],"wp:attachment":[{"href":"https:\/\/schnapsstube.it\/schnapsstube\/wp-json\/wp\/v2\/media?parent=845"}],"curies":[{"name":"wp","href":"https:\/\/api.w.org\/{rel}","templated":true}]}}