{"id":601,"date":"2020-04-16T23:11:44","date_gmt":"2020-04-16T21:11:44","guid":{"rendered":"https:\/\/schnapsstube.it\/schnapsstube\/?post_type=product&#038;p=601"},"modified":"2022-10-06T10:49:22","modified_gmt":"2022-10-06T08:49:22","slug":"weisse-schokolade","status":"publish","type":"product","link":"https:\/\/schnapsstube.it\/schnapsstube\/produkt\/weisse-schokolade\/","title":{"rendered":"Schokolade<br>17% vol."},"content":{"rendered":"<p>Schokolade liebt jeder, und wenn man sie isst entstehen Gl\u00fccksgef\u00fchle.<br \/>Wieso also nicht als Lik\u00f6r trinken?<br \/>\nDer liebliche Geschmack von wei\u00dfer Schokolade als Lik\u00f6r ist ein Genuss f\u00fcr alle die das S\u00fc\u00dfe lieben.<\/p>","protected":false},"excerpt":{"rendered":"<p>Wei\u00dfer Schokoladelik\u00f6r 17% vol. <a href=\"https:\/\/schnapsstube.it\/schnapsstube\/produkt\/weisse-schokolade\/\">Weiterlesen<\/a><\/p>\n","protected":false},"featured_media":630,"template":"","meta":[],"product_cat":[22],"product_tag":[],"_links":{"self":[{"href":"https:\/\/schnapsstube.it\/schnapsstube\/wp-json\/wp\/v2\/product\/601"}],"collection":[{"href":"https:\/\/schnapsstube.it\/schnapsstube\/wp-json\/wp\/v2\/product"}],"about":[{"href":"https:\/\/schnapsstube.it\/schnapsstube\/wp-json\/wp\/v2\/types\/product"}],"wp:featuredmedia":[{"embeddable":true,"href":"https:\/\/schnapsstube.it\/schnapsstube\/wp-json\/wp\/v2\/media\/630"}],"wp:attachment":[{"href":"https:\/\/schnapsstube.it\/schnapsstube\/wp-json\/wp\/v2\/media?parent=601"}],"wp:term":[{"taxonomy":"product_cat","embeddable":true,"href":"https:\/\/schnapsstube.it\/schnapsstube\/wp-json\/wp\/v2\/product_cat?post=601"},{"taxonomy":"product_tag","embeddable":true,"href":"https:\/\/schnapsstube.it\/schnapsstube\/wp-json\/wp\/v2\/product_tag?post=601"}],"curies":[{"name":"wp","href":"https:\/\/api.w.org\/{rel}","templated":true}]}}