{"id":679,"date":"2020-04-22T20:56:49","date_gmt":"2020-04-22T18:56:49","guid":{"rendered":"https:\/\/schnapsstube.it\/schnapsstube\/?post_type=product&#038;p=679"},"modified":"2023-02-27T15:55:02","modified_gmt":"2023-02-27T13:55:02","slug":"packung-mit-personalisiertem-etikett","status":"publish","type":"product","link":"https:\/\/schnapsstube.it\/schnapsstube\/produkt\/packung-mit-personalisiertem-etikett\/","title":{"rendered":"Personalisiertes<br>Etikett"},"content":{"rendered":"<p><strong>Personalisiertes Etikett<\/strong> schon ab 1er Packung.<br \/>\nMit dem personalisiertem Etikett habt ihr ein einzigartiges Geschenk f\u00fcr eure <em>LIEBSTEN<\/em>.<br \/>\nWir drucken eure Fotos, Gl\u00fcckw\u00fcnsche oder Spr\u00fcche aufs Etikett.<br \/>\nEs stehen auch 2 verschiedene Geschenkverpackungen zur Verf\u00fcgung in Rot oder Beige einfach die gew\u00fcnschte Farbe und Menge hinzuf\u00fcgen.<br \/>\n<a href=\"https:\/\/schnapsstube.it\/schnapsstube\/?post_type=product&#038;p=742&#038;preview=true\"target=\"_blank\">Zur Geschenkverpackung<\/a><\/p>","protected":false},"excerpt":{"rendered":"<p>Personalisiertes Etikett <br \/>in 6 verschiedene Sorten erh\u00e4ltlich.<br \/>\n <a href=\"https:\/\/schnapsstube.it\/schnapsstube\/produkt\/packung-mit-personalisiertem-etikett\/\">Weiterlesen<\/a><\/p>\n","protected":false},"featured_media":819,"template":"","meta":[],"product_cat":[22],"product_tag":[],"_links":{"self":[{"href":"https:\/\/schnapsstube.it\/schnapsstube\/wp-json\/wp\/v2\/product\/679"}],"collection":[{"href":"https:\/\/schnapsstube.it\/schnapsstube\/wp-json\/wp\/v2\/product"}],"about":[{"href":"https:\/\/schnapsstube.it\/schnapsstube\/wp-json\/wp\/v2\/types\/product"}],"wp:featuredmedia":[{"embeddable":true,"href":"https:\/\/schnapsstube.it\/schnapsstube\/wp-json\/wp\/v2\/media\/819"}],"wp:attachment":[{"href":"https:\/\/schnapsstube.it\/schnapsstube\/wp-json\/wp\/v2\/media?parent=679"}],"wp:term":[{"taxonomy":"product_cat","embeddable":true,"href":"https:\/\/schnapsstube.it\/schnapsstube\/wp-json\/wp\/v2\/product_cat?post=679"},{"taxonomy":"product_tag","embeddable":true,"href":"https:\/\/schnapsstube.it\/schnapsstube\/wp-json\/wp\/v2\/product_tag?post=679"}],"curies":[{"name":"wp","href":"https:\/\/api.w.org\/{rel}","templated":true}]}}